{"id":2,"date":"2023-06-09T12:56:13","date_gmt":"2023-06-09T12:56:13","guid":{"rendered":"http:\/\/www.comodia.es\/?page_id=2"},"modified":"2023-06-13T11:44:23","modified_gmt":"2023-06-13T11:44:23","slug":"sample-page","status":"publish","type":"page","link":"http:\/\/www.comodia.es\/","title":{"rendered":"COMODIA"},"content":{"rendered":"\n<p><strong>El objetivo de COMODIA es avanzar en el estado del arte de las tecnolog\u00edas de Inteligencia Artificial (IA) para acercarlas a su implementaci\u00f3n pr\u00e1ctica en el campo de las comunicaciones sobre redes de \u00faltima generaci\u00f3n (5G y 6G), con especial \u00e9nfasis en la innovadora \u00e1rea de las comunicaciones inmersivas. <\/strong>Para ello analizaremos un conjunto de <strong>casos de uso de referencia<\/strong> que nos permiten identificar los aspectos sobre los que se necesita un avance significativo, y propondremos para cada uno de ellos las innovaciones necesarias.<\/p>\n\n\n\n<p>El objetivo final es facilitar y acelerar el camino posterior al desarrollo de productos relacionados, por lo que no nos limitaremos a proponer innovaciones puntuales en aspectos aislados, sino que propondremos tambi\u00e9n las innovaciones requeridas en la red para posibilitar una <strong>plataforma completa<\/strong> que permita la implementaci\u00f3n de estos <strong>casos de uso<\/strong> en redes de \u00faltima generaci\u00f3n.<\/p>\n\n\n\n<p>El tercer pilar de COMODIA es el <strong>modelo energ\u00e9ticamente eficiente<\/strong> en el que se pretende basar la implementaci\u00f3n de la plataforma y sus casos de uso. Las tecnolog\u00edas de IA requieren t\u00edpicamente de una gran capacidad de proceso y por tanto de un consumo energ\u00e9tico elevado, que resulta en una huella de carbono significativa. Para solventar este problema el proyecto incluye dos iniciativas: en primer lugar, se incluye un caso de uso espec\u00edfico destinado a la <strong>monitorizaci\u00f3n y optimizaci\u00f3n del consumo energ\u00e9tico<\/strong>, utilizando tambi\u00e9n IA. Por otro lado, aprovecharemos la experiencia de Nokia en el dise\u00f1o, instalaci\u00f3n y uso de emplazamientos de red y procesamiento en el borde con capacidad de <strong>autoabastecimiento energ\u00e9tico<\/strong>, y por tanto con huella de carbono m\u00ednima o nula.<\/p>\n\n\n\n<p>El <strong>resultado esperado del proyecto<\/strong> es la investigaci\u00f3n y demostraci\u00f3n del conjunto de tecnolog\u00edas pr\u00e1cticas de IA implementadas sobre la nueva plataforma de red y que, aplicadas a las comunicaciones inmersivas, permitan una implementaci\u00f3n pr\u00e1ctica en productos comerciales en poco tiempo. Como demostraci\u00f3n del proyecto producir\u00e1 un prototipo de laboratorio que muestre los avances producidos en estas tecnolog\u00edas.<\/p>\n","protected":false},"excerpt":{"rendered":"<p>El objetivo de COMODIA es avanzar en el estado del arte de las tecnolog\u00edas de Inteligencia Artificial (IA) para acercarlas a su [&hellip;]<\/p>\n","protected":false},"author":1,"featured_media":0,"parent":0,"menu_order":0,"comment_status":"closed","ping_status":"open","template":"","meta":{"footnotes":""},"class_list":["post-2","page","type-page","status-publish","hentry"],"_links":{"self":[{"href":"http:\/\/www.comodia.es\/index.php?rest_route=\/wp\/v2\/pages\/2","targetHints":{"allow":["GET"]}}],"collection":[{"href":"http:\/\/www.comodia.es\/index.php?rest_route=\/wp\/v2\/pages"}],"about":[{"href":"http:\/\/www.comodia.es\/index.php?rest_route=\/wp\/v2\/types\/page"}],"author":[{"embeddable":true,"href":"http:\/\/www.comodia.es\/index.php?rest_route=\/wp\/v2\/users\/1"}],"replies":[{"embeddable":true,"href":"http:\/\/www.comodia.es\/index.php?rest_route=%2Fwp%2Fv2%2Fcomments&post=2"}],"version-history":[{"count":2,"href":"http:\/\/www.comodia.es\/index.php?rest_route=\/wp\/v2\/pages\/2\/revisions"}],"predecessor-version":[{"id":25,"href":"http:\/\/www.comodia.es\/index.php?rest_route=\/wp\/v2\/pages\/2\/revisions\/25"}],"wp:attachment":[{"href":"http:\/\/www.comodia.es\/index.php?rest_route=%2Fwp%2Fv2%2Fmedia&parent=2"}],"curies":[{"name":"wp","href":"https:\/\/api.w.org\/{rel}","templated":true}]}}